{"id":9,"date":"2026-04-28T19:00:20","date_gmt":"2026-04-28T19:00:20","guid":{"rendered":"https:\/\/axyverax.axyverax.com\/?page_id=9"},"modified":"2026-04-28T19:00:20","modified_gmt":"2026-04-28T19:00:20","slug":"yayin-ilkeleri","status":"publish","type":"page","link":"https:\/\/axyverax.axyverax.com\/?page_id=9","title":{"rendered":"Yay\u0131n \u0130lkeleri"},"content":{"rendered":"<p>Yay\u0131n ilkeleri ve edit\u00f6ryel yakla\u015f\u0131m\u0131n\u0131z\u0131 burada payla\u015fabilirsiniz.<\/p>\n","protected":false},"excerpt":{"rendered":"<p>Yay\u0131n ilkeleri ve edit\u00f6ryel yakla\u015f\u0131m\u0131n\u0131z\u0131 burada payla\u015fabilirsiniz.<\/p>\n","protected":false},"author":1,"featured_media":0,"parent":0,"menu_order":0,"comment_status":"closed","ping_status":"closed","template":"","meta":{"footnotes":""},"class_list":["post-9","page","type-page","status-publish","hentry"],"_links":{"self":[{"href":"https:\/\/axyverax.axyverax.com\/index.php?rest_route=\/wp\/v2\/pages\/9","targetHints":{"allow":["GET"]}}],"collection":[{"href":"https:\/\/axyverax.axyverax.com\/index.php?rest_route=\/wp\/v2\/pages"}],"about":[{"href":"https:\/\/axyverax.axyverax.com\/index.php?rest_route=\/wp\/v2\/types\/page"}],"author":[{"embeddable":true,"href":"https:\/\/axyverax.axyverax.com\/index.php?rest_route=\/wp\/v2\/users\/1"}],"replies":[{"embeddable":true,"href":"https:\/\/axyverax.axyverax.com\/index.php?rest_route=%2Fwp%2Fv2%2Fcomments&post=9"}],"version-history":[{"count":0,"href":"https:\/\/axyverax.axyverax.com\/index.php?rest_route=\/wp\/v2\/pages\/9\/revisions"}],"wp:attachment":[{"href":"https:\/\/axyverax.axyverax.com\/index.php?rest_route=%2Fwp%2Fv2%2Fmedia&parent=9"}],"curies":[{"name":"wp","href":"https:\/\/api.w.org\/{rel}","templated":true}]}}